{"id":10,"date":"2022-04-25T09:50:55","date_gmt":"2022-04-25T09:50:55","guid":{"rendered":"https:\/\/demo.cmssuperheroes.com\/themeforest\/chemlabs\/?page_id=10"},"modified":"2023-03-14T10:32:18","modified_gmt":"2023-03-14T10:32:18","slug":"privacy-policy","status":"publish","type":"page","link":"https:\/\/galenica.ma\/en\/privacy-policy\/","title":{"rendered":"Privacy Policy"},"content":{"rendered":"<div class=\"flex items-center justify-start md:justify-start lg:justify-start\">\n<h2 class=\"contentBlock__title mb-4 text-title-2 font-title text-\">1. Propri\u00e9t\u00e9 intellectuelle<\/h2>\n<\/div>\n<div class=\"data-hj-suppress rich-text mt-3 text-base font-body\">\n<p><span class=\"text-body-4\">Le site www.sanofi.com (ci-apr\u00e8s \u201cle site\u201d) appartient et est exploit\u00e9 par Galenica, appartenant au Groupe Galenica. La pr\u00e9sentation et chacun des \u00e9l\u00e9ments, y compris les marques, logos et noms de domaine, apparaissant sur le site, sont prot\u00e9g\u00e9s par les lois en vigueur sur la propri\u00e9t\u00e9 intellectuelle, et (i) sont d\u00e9tenus par Galenica Groupe ou par ses filiales ou (ii) sont d\u00e9tenus par des tiers et font l\u2019objet d\u2019une autorisation d\u2019utilisation accord\u00e9e \u00e0 Galenica Groupe par leurs propri\u00e9taires, en particulier ceux dont il est fait mention \u00e0 l\u2019Article 10 ci-apr\u00e8s.<\/span><\/p>\n<p><span class=\"text-body-4\">Aucun \u00e9l\u00e9ment composant le site ne peut \u00eatre copi\u00e9, reproduit, modifi\u00e9, r\u00e9\u00e9dit\u00e9, charg\u00e9, d\u00e9natur\u00e9, transmis ou distribu\u00e9 de quelque mani\u00e8re que ce soit, sous quelque support que ce soit, de fa\u00e7on partielle ou int\u00e9grale, sans l\u2019autorisation \u00e9crite et pr\u00e9alable de Galenica Groupe \u00e0 l\u2019exception d\u2019une stricte utilisation pour les besoins de la presse et sous r\u00e9serve du respect des droits de propri\u00e9t\u00e9 intellectuelle et de tout autre droit de propri\u00e9t\u00e9 dont il est fait mention. Seule la copie \u00e0 usage priv\u00e9 est autoris\u00e9e pour votre usage personnel, priv\u00e9 et non-commercial, sur votre ordinateur personnel ou via les outils de partage propos\u00e9s sur le site.<\/span><\/p>\n<p><span class=\"text-body-4\">La mention suivante doit notamment appara\u00eetre sur toute copie autoris\u00e9e de tout ou partie du contenu du site: \u201cCOPYRIGHT Galenica 2004-2022. TOUS DROITS R\u00c9SERV\u00c9S\u201d.<\/span><\/p>\n<p><span class=\"text-body-4\">Toute utilisation autoris\u00e9e des \u00e9l\u00e9ments composant ou figurant dans le site doit se faire sans d\u00e9naturation, modification ou alt\u00e9ration de quelque mani\u00e8re que ce soit.<\/span><\/p>\n<p><span class=\"text-body-4\">Sanofi ou ses filiales se r\u00e9servent le droit de poursuivre tout acte de contrefa\u00e7on de ses droits de propri\u00e9t\u00e9 intellectuelle.<\/span><\/p>\n<\/div>","protected":false},"excerpt":{"rendered":"<p>1. Propri\u00e9t\u00e9 intellectuelle Le site www.sanofi.com (ci-apr\u00e8s \u201cle site\u201d) appartient et est exploit\u00e9 par Galenica, appartenant au Groupe Galenica. La pr\u00e9sentation et chacun des \u00e9l\u00e9ments, y compris les marques, logos et noms de domaine, apparaissant sur le site, sont prot\u00e9g\u00e9s par les lois en vigueur sur la propri\u00e9t\u00e9 intellectuelle, et (i) sont d\u00e9tenus par Galenica Groupe ou par ses filiales ou (ii) sont d\u00e9tenus par des tiers et font l\u2019objet d\u2019une autorisation d\u2019utilisation accord\u00e9e \u00e0 Galenica Groupe par leurs propri\u00e9taires, en particulier ceux dont il est fait mention \u00e0 l\u2019Article 10 ci-apr\u00e8s. Aucun \u00e9l\u00e9ment composant le site ne peut \u00eatre copi\u00e9, reproduit, modifi\u00e9, r\u00e9\u00e9dit\u00e9, charg\u00e9, d\u00e9natur\u00e9, transmis ou distribu\u00e9 de quelque mani\u00e8re que ce soit, sous quelque support que ce soit, de fa\u00e7on partielle ou int\u00e9grale, sans l\u2019autorisation \u00e9crite et pr\u00e9alable de Galenica Groupe \u00e0 l\u2019exception d\u2019une stricte utilisation pour les besoins de la presse et sous r\u00e9serve du respect des droits de propri\u00e9t\u00e9 intellectuelle et de tout autre droit de propri\u00e9t\u00e9 dont il est fait mention. Seule la copie \u00e0 usage priv\u00e9 est autoris\u00e9e pour votre usage personnel, priv\u00e9 et non-commercial, sur votre ordinateur personnel ou via les outils de partage propos\u00e9s sur le site. La mention suivante doit notamment appara\u00eetre sur toute copie autoris\u00e9e de tout ou partie du contenu du site: \u201cCOPYRIGHT Galenica 2004-2022. TOUS DROITS R\u00c9SERV\u00c9S\u201d. Toute utilisation autoris\u00e9e des \u00e9l\u00e9ments composant ou figurant dans le site doit se faire sans d\u00e9naturation, modification ou alt\u00e9ration de quelque mani\u00e8re que ce soit. Sanofi ou ses filiales se r\u00e9servent le droit de poursuivre tout acte de contrefa\u00e7on de ses droits de propri\u00e9t\u00e9 intellectuelle.<\/p>","protected":false},"author":1,"featured_media":0,"parent":0,"menu_order":23,"comment_status":"closed","ping_status":"closed","template":"","meta":[],"_links":{"self":[{"href":"https:\/\/galenica.ma\/en\/wp-json\/wp\/v2\/pages\/10"}],"collection":[{"href":"https:\/\/galenica.ma\/en\/wp-json\/wp\/v2\/pages"}],"about":[{"href":"https:\/\/galenica.ma\/en\/wp-json\/wp\/v2\/types\/page"}],"author":[{"embeddable":true,"href":"https:\/\/galenica.ma\/en\/wp-json\/wp\/v2\/users\/1"}],"replies":[{"embeddable":true,"href":"https:\/\/galenica.ma\/en\/wp-json\/wp\/v2\/comments?post=10"}],"version-history":[{"count":3,"href":"https:\/\/galenica.ma\/en\/wp-json\/wp\/v2\/pages\/10\/revisions"}],"predecessor-version":[{"id":4324,"href":"https:\/\/galenica.ma\/en\/wp-json\/wp\/v2\/pages\/10\/revisions\/4324"}],"wp:attachment":[{"href":"https:\/\/galenica.ma\/en\/wp-json\/wp\/v2\/media?parent=10"}],"curies":[{"name":"wp","href":"https:\/\/api.w.org\/{rel}","templated":true}]}}