{"id":115,"date":"2022-04-25T14:51:32","date_gmt":"2022-04-25T14:51:32","guid":{"rendered":"https:\/\/demo.cmssuperheroes.com\/themeforest\/chemlabs\/?page_id=115"},"modified":"2023-03-13T11:01:04","modified_gmt":"2023-03-13T11:01:04","slug":"supplies","status":"publish","type":"page","link":"https:\/\/galenica.ma\/en\/supplies\/","title":{"rendered":"Supplies"},"content":{"rendered":"<div data-elementor-type=\"wp-page\" data-elementor-id=\"115\" class=\"elementor elementor-115\">\n\t\t\t\t\t\t\t        <div class=\"elementor-section elementor-top-section elementor-element elementor-element-56c575c elementor-section-full_width elementor-section-height-default elementor-section-height-default cms-remove-row-no cms-section-no-padding-no cms-full-content-with-space-none cms-boxed-bg-false cms-section-boxed-divider-false cms-overlay-gradient-bg-yes cms-overlay-gradient-mode-tb\" data-id=\"56c575c\" data-element_type=\"section\">\n\t\t\n\t\t<div class=\"cms-overlay-gradient\"><\/div><div class=\"cms-section-boxed-bg\"><\/div><div class=\"cms-section-boxed-divider\"><\/div><div class=\"cms-elementor-section-remove\"><\/div><div class=\"cms-elementor-section-corner cms-elementor-section-corner-top\"><\/div><div class=\"cms-elementor-section-corner cms-elementor-section-corner-bottom\"><\/div>        <div class=\"elementor-container elementor-column-gap-no\" >\n\t\t        <div class=\"elementor-column elementor-col-100 elementor-top-column elementor-element elementor-element-b7a6845\" data-id=\"b7a6845\" data-element_type=\"column\">\n        <div class=\"elementor-widget-wrap elementor-element-populated\">\n                        \t\t<div class=\"elementor-element elementor-element-98be748 cms-page-title-layout-1 elementor-widget elementor-widget-cms_page_title\" data-id=\"98be748\" data-element_type=\"widget\" data-widget_type=\"cms_page_title.default\">\n\t\t\t\t<div class=\"elementor-widget-container\">\n\t\t\t<div class=\"cms-page-title-wrapper cms-overlay-gradient-1 text-center\" style=\"background-image:url(http:\/\/vivvo.ma\/wp-content\/uploads\/2023\/03\/IMG_0210-1-scaled.jpg);\">\n    <div class=\"cms-page-title-overlay cms-page-title-gradient cms-overlay-gradient\"><\/div>\n    <div class=\"extra-space-top pt-50 pt-lg-140 pt-xl-170\"><\/div>\n    <div class=\"container\">\n        <div class=\"row empty-none justify-content-center\">\n            <div class=\"cms-page-title-content-col col-12 col-md-10 col-xl-6\">\n                <div class=\"cms-page-title-content\">\n                        <h1 class=\"cms-mainheading cms-heading text-30 text-md-50 text-xl-75 font-700 lh-1\/13  text-white empty-none\">Nos sp\u00e9cialit\u00e9s<br \/>\n<\/h1>\n    <div class=\"extra-space clearfix\"> <\/div>\n    <div class=\"cms-desc pt-18 text-17 font-700  text-white empty-none\">Les laboratoires pharmaceutiques GALENICA, disposent d'une large gamme de produits<br \/>\nappartenant aux classes th\u00e9rapeutiques, class\u00e9es comme essentielles par<br \/>\nl'organisation mondiale de la sant\u00e9.<br \/>\n<br \/>\n<br \/>\n<br \/>\n<\/div>\n    <div class=\"extra-space clearfix\"> <\/div>\n                    <div class=\"row gutters-30 gutters-grid align-items-center pt-30 empty-none justify-content-center\">        <div class=\"cms-btn-wraps col-auto text-\" >\n                <a href=\"#Explore-Products\" class=\"btn btn-fill btn-white text-primary btn-hover-fill btn-hover-accent text-hover-white btn-lg\">\n                <span class=\"cms-btn-content cms-btn-content- justify-content-center\">\n                                                    <span aria-hidden=\"true\" class=\"cms-icon cms-btn-icon order-first icon-outline-no rtl-flip cmsi-arrow-right\" style=\"\"><\/span>                                                <span class=\"cms-btn-text text-center\">NOUS CONTACTER <\/span>\n                                    <\/span>\n            <\/a>\n                <\/div>\n            <div class=\"cms-btn-wraps col-auto text-\" >\n                <a href=\"https:\/\/galenica.ma\/en\/contacts\/\" class=\"btn btn-outline btn-white text-white btn-hover-fill btn-hover-primary text-hover-white btn-lg btn-no-icon\">\n                <span class=\"cms-btn-content cms-btn-content-btn2 justify-content-center\">\n                                        <span class=\"cms-btn-text text-center\"> PHARMACOVIGILANCE<\/span>\n                                    <\/span>\n            <\/a>\n                <\/div>\n    <\/div>\n                <\/div>\n            <\/div>\n        <\/div>\n    <\/div>\n    <div class=\"extra-space-bottom pt-40 pt-lg-65 d-block\"><\/div>\n    <div class=\"cms-pagetitle-breadcrumb pt-20 pb-12 relative\"><div class=\"container\"><div class=\"cms-breadcrumb justify-content-center text-14 justify-content-start\"><div class=\"breadcrumb-item d-flex align-items-center\"><span class=\"breadcrumb-text text-white\" data-no-translation=\"\" data-trp-gettext=\"\" >Home<\/span><span class=\"breadcrumb-divider text-white cmsi-chevron-right rtl-flip\"><\/span><\/div><\/div><\/div><\/div>                <div class=\"cms-pagetitle-divider-wrap relative\">\n                <div class=\"cms-pagetitle-divider\"><\/div>\n                <span class=\"cms-pagetitle-divider-icon text-18 relative z-top\"><span class=\"cmsi-home\"><\/span><\/span>\n            <\/div>\n        <\/div>\t\t<\/div>\n\t\t\t\t<\/div>\n\t\t        <\/div>\n        <\/div>\n        \t\t        <\/div>\n        <\/div>\n\t\t        <div class=\"elementor-section elementor-top-section elementor-element elementor-element-d338935 elementor-section-boxed elementor-section-height-default elementor-section-height-default cms-remove-row-no cms-section-no-padding-no cms-boxed-bg-false cms-section-boxed-divider-false cms-overlay-gradient-bg-yes cms-overlay-gradient-mode-tb\" data-id=\"d338935\" data-element_type=\"section\">\n\t\t\n\t\t<div class=\"cms-overlay-gradient\"><\/div><div class=\"cms-section-boxed-bg\"><\/div><div class=\"cms-section-boxed-divider\"><\/div><div class=\"cms-elementor-section-remove\"><\/div><div class=\"cms-elementor-section-corner cms-elementor-section-corner-top\"><\/div><div class=\"cms-elementor-section-corner cms-elementor-section-corner-bottom\"><\/div>        <div class=\"elementor-container elementor-column-gap-default\" >\n\t\t        <div class=\"elementor-column elementor-col-66 elementor-top-column elementor-element elementor-element-e82a6e9\" data-id=\"e82a6e9\" data-element_type=\"column\">\n        <div class=\"elementor-widget-wrap elementor-element-populated\">\n                        \t\t<div class=\"elementor-element elementor-element-c41ae7d cms-products-layout-1 elementor-widget elementor-widget-cms_products\" data-id=\"c41ae7d\" data-element_type=\"widget\" data-widget_type=\"cms_products.default\">\n\t\t\t\t<div class=\"elementor-widget-container\">\n\t\t\t<div class=\"woocommerce columns-3\">\t\t<div class=\"cms-woo-result-order row justify-content-between align-items-center gutters-30 gutters-grid pb-40\">\n\t\t\t<div class=\"col-md-12 col-lg-auto\">\n\t\t\t\t<form class=\"woocommerce-ordering\" method=\"get\" action=\"\">\n\t<select name=\"orderby\" class=\"orderby\" aria-label=\"Shop order\" data-no-translation-aria-label=\"\">\n\t\t\t\t\t<option value=\"menu_order\"  selected='selected'>Ordre Alphab\u00e9tique<\/option>\n\t\t\t\t\t<option value=\"alphabetical\" data-no-translation=\"\" data-trp-gettext=\"\" >Sort by name: A to Z<\/option>\n\t\t\t\t\t<option value=\"reverse_alpha\" data-no-translation=\"\" data-trp-gettext=\"\" >Sort by name: Z to A<\/option>\n\t\t\t<\/select>\n\t<input type=\"hidden\" name=\"paged\" value=\"1\" \/>\n\t<input type=\"hidden\" name=\"trp-form-language\" value=\"en\"\/><\/form>\n\t\t\t<\/div>\n\t\t\t<div class=\"col order-lg-first text-14 font-700\">\n\t\t\t\t<p class=\"woocommerce-result-count\">\n\tShowing 1&ndash;6 of 49 results<\/p>\n\t\t\t<\/div>\n\t\t<\/div>\n\t\t<div class=\"cms-woo-result-order-border\"><\/div>\n\t<ul class=\"products columns-3\">\n<li class=\"cms-has-post-thumbnail product type-product post-6985 status-publish first instock product_cat-apetine has-post-thumbnail shipping-taxable product-type-simple\">\n\t<div class=\"cms-loop-products-wrap cms-transition\"><div class=\"cms-loop-product-info p-tb-25 text-center\"><\/div><\/div><\/li>\n<li class=\"cms-has-post-thumbnail product type-product post-6958 status-publish instock product_cat-az product_tag-bicalutamide product_tag-cepavir product_tag-oxyde-de-zinc product_tag-prednisolone has-post-thumbnail shipping-taxable product-type-simple\">\n\t<div class=\"cms-loop-products-wrap cms-transition\"><div class=\"cms-loop-product-info p-tb-25 text-center\"><\/div><\/div><\/li>\n<li class=\"cms-has-post-thumbnail product type-product post-6926 status-publish last instock product_cat-beviran product_tag-bicalutamide product_tag-cepavir product_tag-oxyde-de-zinc product_tag-prednisolone has-post-thumbnail shipping-taxable product-type-simple\">\n\t<div class=\"cms-loop-products-wrap cms-transition\"><div class=\"cms-loop-product-info p-tb-25 text-center\"><\/div><\/div><\/li>\n<li class=\"cms-has-post-thumbnail product type-product post-6960 status-publish first instock product_cat-biotic-plus product_tag-bicalutamide product_tag-cepavir product_tag-oxyde-de-zinc product_tag-prednisolone has-post-thumbnail shipping-taxable product-type-simple\">\n\t<div class=\"cms-loop-products-wrap cms-transition\"><div class=\"cms-loop-product-info p-tb-25 text-center\"><\/div><\/div><\/li>\n<li class=\"cms-has-post-thumbnail product type-product post-7226 status-publish instock product_cat-butamyl product_tag-bicalutamide product_tag-cepavir product_tag-oxyde-de-zinc product_tag-prednisolone has-post-thumbnail shipping-taxable product-type-simple\">\n\t<div class=\"cms-loop-products-wrap cms-transition\"><div class=\"cms-loop-product-info p-tb-25 text-center\"><\/div><\/div><\/li>\n<li class=\"cms-has-post-thumbnail product type-product post-6212 status-publish last instock product_cat-candicid product_tag-bicalutamide product_tag-oxyde-de-zinc product_tag-prednisolone has-post-thumbnail shipping-taxable product-type-simple\">\n\t<div class=\"cms-loop-products-wrap cms-transition\"><div class=\"cms-loop-product-info p-tb-25 text-center\"><\/div><\/div><\/li>\n<\/ul>\n<\/div>\t\t<\/div>\n\t\t\t\t<\/div>\n\t\t        <\/div>\n        <\/div>\n                <div class=\"elementor-column elementor-col-33 elementor-top-column elementor-element elementor-element-0ec12c6\" data-id=\"0ec12c6\" data-element_type=\"column\">\n        <div class=\"elementor-widget-wrap elementor-element-populated\">\n                        \t\t<div class=\"elementor-element elementor-element-efb9d7f elementor-widget elementor-widget-sidebar\" data-id=\"efb9d7f\" data-element_type=\"widget\" data-widget_type=\"sidebar.default\">\n\t\t\t\t<div class=\"elementor-widget-container\">\n\t\t\t<div id=\"woocommerce_product_categories-2\" class=\"cms-widget widget woocommerce widget_product_categories\"><div class=\"cms-widget-inner\"><h2 class=\"widgettitle\">CLASSE TH\u00c9RAPEUTIQUE<\/h2>\n<select  name='product_cat' id='product_cat' class='dropdown_product_cat'>\n\t<option value='' selected='selected' data-no-translation=\"\" data-trp-gettext=\"\">Select a category<\/option>\n\t<option class=\"level-0\" value=\"roxid\">ROXID&nbsp;&nbsp;(1)<\/option>\n\t<option class=\"level-0\" value=\"cetamyl-2\">CETAMYL&nbsp;&nbsp;(1)<\/option>\n\t<option class=\"level-0\" value=\"rhumix\">RHUMIX&nbsp;&nbsp;(1)<\/option>\n\t<option class=\"level-0\" value=\"cafeine\">Cafeine&nbsp;&nbsp;(0)<\/option>\n\t<option class=\"level-0\" value=\"sofosdac\">SOFOSDAC&nbsp;&nbsp;(0)<\/option>\n\t<option class=\"level-0\" value=\"codamol\">CODAMOL&nbsp;&nbsp;(1)<\/option>\n\t<option class=\"level-0\" value=\"az\">AZ&nbsp;&nbsp;(1)<\/option>\n\t<option class=\"level-0\" value=\"inongan-2\">INONGAN&nbsp;&nbsp;(1)<\/option>\n\t<option class=\"level-0\" value=\"trirhum\">TRIRHUM&nbsp;&nbsp;(1)<\/option>\n\t<option class=\"level-0\" value=\"promethazine\">Promethazine&nbsp;&nbsp;(0)<\/option>\n\t<option class=\"level-0\" value=\"beviran\">BEVIRAN&nbsp;&nbsp;(1)<\/option>\n\t<option class=\"level-0\" value=\"glyazid\">GLYAZID&nbsp;&nbsp;(1)<\/option>\n\t<option class=\"level-0\" value=\"biotic-plus\">BIOTIC PLUS&nbsp;&nbsp;(1)<\/option>\n\t<option class=\"level-0\" value=\"prodol-2\">PRODOL&nbsp;&nbsp;(1)<\/option>\n\t<option class=\"level-0\" value=\"vitamine\">VITAMINE&nbsp;&nbsp;(1)<\/option>\n\t<option class=\"level-0\" value=\"camphre\">Camphre&nbsp;&nbsp;(0)<\/option>\n\t<option class=\"level-0\" value=\"colispasm\">COLISPASM&nbsp;&nbsp;(1)<\/option>\n\t<option class=\"level-0\" value=\"lyspopuric\">LYSPOPURIC&nbsp;&nbsp;(1)<\/option>\n\t<option class=\"level-0\" value=\"claril\">CLARIL&nbsp;&nbsp;(1)<\/option>\n\t<option class=\"level-0\" value=\"april\">APRIL&nbsp;&nbsp;(0)<\/option>\n\t<option class=\"level-0\" value=\"apetine\">APETINE&nbsp;&nbsp;(1)<\/option>\n\t<option class=\"level-0\" value=\"ibuprofene\">Ibuprof\u00e8ne&nbsp;&nbsp;(0)<\/option>\n\t<option class=\"level-0\" value=\"colopathil\">COLOPATHIL&nbsp;&nbsp;(1)<\/option>\n\t<option class=\"level-0\" value=\"hexidyl\">HEXIDYL&nbsp;&nbsp;(1)<\/option>\n\t<option class=\"level-0\" value=\"codetux\">CODETUX&nbsp;&nbsp;(1)<\/option>\n\t<option class=\"level-0\" value=\"metrozal\">METROZAL&nbsp;&nbsp;(1)<\/option>\n\t<option class=\"level-0\" value=\"enzycard\">ENZYCARD&nbsp;&nbsp;(0)<\/option>\n\t<option class=\"level-0\" value=\"ergic\">ERGIC&nbsp;&nbsp;(1)<\/option>\n\t<option class=\"level-0\" value=\"azithromycine\">Azithromycine&nbsp;&nbsp;(0)<\/option>\n\t<option class=\"level-0\" value=\"gastrogel\">GASTROGEL&nbsp;&nbsp;(1)<\/option>\n\t<option class=\"level-0\" value=\"hexapneumine\">HEXAPNEUMINE&nbsp;&nbsp;(0)<\/option>\n\t<option class=\"level-0\" value=\"neomox\">NEOMOX&nbsp;&nbsp;(1)<\/option>\n\t<option class=\"level-0\" value=\"iopidine\">IOPIDINE&nbsp;&nbsp;(1)<\/option>\n\t<option class=\"level-0\" value=\"histac\">HISTAC&nbsp;&nbsp;(0)<\/option>\n\t<option class=\"level-0\" value=\"prednisolone\">Prednisolone&nbsp;&nbsp;(1)<\/option>\n\t<option class=\"level-0\" value=\"ipp\">\ufffcIPP&nbsp;&nbsp;(1)<\/option>\n\t<option class=\"level-0\" value=\"mucocil\">MUCOCIL&nbsp;&nbsp;(1)<\/option>\n\t<option class=\"level-0\" value=\"penistaph\">PENISTAPH&nbsp;&nbsp;(1)<\/option>\n\t<option class=\"level-0\" value=\"sisterol\">\ufffc SISTEROL&nbsp;&nbsp;(0)<\/option>\n\t<option class=\"level-0\" value=\"pernabol\">PERNABOL&nbsp;&nbsp;(1)<\/option>\n\t<option class=\"level-0\" value=\"bicalutamide\">Bicalutamide&nbsp;&nbsp;(0)<\/option>\n\t<option class=\"level-0\" value=\"lactulax\">LACTULAX&nbsp;&nbsp;(1)<\/option>\n\t<option class=\"level-0\" value=\"candicid\">CANDICID&nbsp;&nbsp;(1)<\/option>\n\t<option class=\"level-0\" value=\"proflox\">PROFLOX&nbsp;&nbsp;(1)<\/option>\n\t<option class=\"level-0\" value=\"cepavir\">CEPAVIR&nbsp;&nbsp;(1)<\/option>\n\t<option class=\"level-0\" value=\"pervital\">PERVITAL&nbsp;&nbsp;(1)<\/option>\n\t<option class=\"level-0\" value=\"oxyde-de-zinc\">Oxyde de zinc&nbsp;&nbsp;(1)<\/option>\n\t<option class=\"level-0\" value=\"mepramide\">MEPRAMIDE&nbsp;&nbsp;(1)<\/option>\n\t<option class=\"level-0\" value=\"fitex\">FITEX&nbsp;&nbsp;(0)<\/option>\n\t<option class=\"level-0\" value=\"trisulfa\">TRISULFA&nbsp;&nbsp;(1)<\/option>\n\t<option class=\"level-0\" value=\"analgesique\">Analg\u00e9sique&nbsp;&nbsp;(0)<\/option>\n\t<option class=\"level-0\" value=\"daclar\">DACLAR&nbsp;&nbsp;(1)<\/option>\n\t<option class=\"level-0\" value=\"difal-2\">DIFAL&nbsp;&nbsp;(1)<\/option>\n\t<option class=\"level-0\" value=\"antalgiques-antipyretiques-anti-inflammatoires\">Antalgiques &#8211; Antipyr\u00e9tiques &#8211; Anti-Inflammatoires&nbsp;&nbsp;(1)<\/option>\n\t<option class=\"level-1\" value=\"difal\">&nbsp;&nbsp;&nbsp;DIFAL&nbsp;&nbsp;(0)<\/option>\n\t<option class=\"level-1\" value=\"dolamine\">&nbsp;&nbsp;&nbsp;DOLAMINE&nbsp;&nbsp;(0)<\/option>\n\t<option class=\"level-1\" value=\"inongan\">&nbsp;&nbsp;&nbsp;INONGAN&nbsp;&nbsp;(0)<\/option>\n\t<option class=\"level-1\" value=\"prodol\">&nbsp;&nbsp;&nbsp;PRODOL&nbsp;&nbsp;(0)<\/option>\n\t<option class=\"level-1\" value=\"cetamyl\">&nbsp;&nbsp;&nbsp;CETAMYL&nbsp;&nbsp;(1)<\/option>\n\t<option class=\"level-0\" value=\"moridil\">MORIDIL&nbsp;&nbsp;(1)<\/option>\n\t<option class=\"level-0\" value=\"fonderma\">FONDERMA&nbsp;&nbsp;(2)<\/option>\n\t<option class=\"level-0\" value=\"dolamine-2\">DOLAMINE&nbsp;&nbsp;(1)<\/option>\n\t<option class=\"level-0\" value=\"diclofenac\">Diclofenac&nbsp;&nbsp;(0)<\/option>\n\t<option class=\"level-0\" value=\"isof\">ISOF&nbsp;&nbsp;(1)<\/option>\n\t<option class=\"level-0\" value=\"diabyl\">DIABYL&nbsp;&nbsp;(1)<\/option>\n\t<option class=\"level-0\" value=\"pyrosix\">PYROSIX&nbsp;&nbsp;(1)<\/option>\n\t<option class=\"level-0\" value=\"pommade\">POMMADE&nbsp;&nbsp;(1)<\/option>\n\t<option class=\"level-0\" value=\"ephedryl\">EPHEDRYL&nbsp;&nbsp;(1)<\/option>\n\t<option class=\"level-0\" value=\"paracetamol\">Paracetamol&nbsp;&nbsp;(0)<\/option>\n\t<option class=\"level-0\" value=\"hbvir\">HBVIR&nbsp;&nbsp;(1)<\/option>\n\t<option class=\"level-0\" value=\"butamyl\">BUTAMYL&nbsp;&nbsp;(1)<\/option>\n<\/select>\n<\/div><\/div><div id=\"woocommerce_product_search-3\" class=\"cms-widget widget woocommerce widget_product_search\"><div class=\"cms-widget-inner\"><h2 class=\"widgettitle\">Par un mot clef<\/h2>\n<form role=\"search\" method=\"get\" class=\"woocommerce-product-search\" action=\"https:\/\/galenica.ma\/en\/\" data-trp-original-action=\"https:\/\/galenica.ma\/en\/\">\n\t<label class=\"screen-reader-text\" for=\"woocommerce-product-search-field-0\" data-no-translation=\"\" data-trp-gettext=\"\">Search for:<\/label>\n\t<input type=\"search\" id=\"woocommerce-product-search-field-0\" class=\"search-field\" placeholder=\"Search products\u2026\" value=\"\" name=\"s\" data-no-translation-placeholder=\"\" \/>\n\t<button type=\"submit\" value=\"Search\" class=\"wp-element-button\" data-no-translation=\"\" data-trp-gettext=\"\" data-no-translation-value=\"\">Search<\/button>\n\t<input type=\"hidden\" name=\"post_type\" value=\"product\" \/>\n<input type=\"hidden\" name=\"trp-form-language\" value=\"en\"\/><\/form>\n<\/div><\/div><div id=\"custom_html-2\" class=\"widget_text cms-widget widget widget_custom_html\"><div class=\"widget_text cms-widget-inner\"><div class=\"textwidget custom-html-widget\"><a href=\"https:\/\/galenica.ma\/wp-content\/uploads\/2023\/06\/catalogueGalenica2023.pdf\" target=\"_blank\" rel=\"noopener\"><img decoding=\"async\" src=\"https:\/\/galenica.ma\/wp-content\/uploads\/2023\/07\/GALENICACATALOGUE.png\" width=\"\" height=\"\" alt=\"\"\/><\/a><\/div><\/div><\/div>\t\t<\/div>\n\t\t\t\t<\/div>\n\t\t        <\/div>\n        <\/div>\n        \t\t        <\/div>\n        <\/div>\n\t\t\t\t\t\t\t<\/div>","protected":false},"excerpt":{"rendered":"<p>Nos sp\u00e9cialit\u00e9s Les laboratoires pharmaceutiques GALENICA, disposent d&rsquo;une large gamme de produits appartenant aux classes th\u00e9rapeutiques, class\u00e9es comme essentielles par l&rsquo;organisation mondiale de la sant\u00e9. NOUS CONTACTER PHARMACOVIGILANCE Home Tri par d\u00e9fautTri par popularit\u00e9Tri par notes moyennesTri du plus r\u00e9cent au plus ancienTri par tarif croissantTri par tarif d\u00e9croissant Affichage de 1&ndash;6 sur 10 r\u00e9sultats Promo\u00a0! Ajouter au panier View Cart #2 Natural Cacao Powder &#36;19.00 &#36;16.00 Ajouter au panier View Cart Biotin Complex &#36;25.00 Ajouter au panier View Cart Blood Pressure &#36;33.00 Ajouter au panier View Cart Calming Herps &#36;10.00 Ajouter au panier View Cart Essential Oil &#36;28.00 Ajouter au panier View Cart Facial Serum &#36;37.00 1 2<\/p>","protected":false},"author":1,"featured_media":2601,"parent":0,"menu_order":11,"comment_status":"closed","ping_status":"closed","template":"","meta":[],"_links":{"self":[{"href":"https:\/\/galenica.ma\/en\/wp-json\/wp\/v2\/pages\/115"}],"collection":[{"href":"https:\/\/galenica.ma\/en\/wp-json\/wp\/v2\/pages"}],"about":[{"href":"https:\/\/galenica.ma\/en\/wp-json\/wp\/v2\/types\/page"}],"author":[{"embeddable":true,"href":"https:\/\/galenica.ma\/en\/wp-json\/wp\/v2\/users\/1"}],"replies":[{"embeddable":true,"href":"https:\/\/galenica.ma\/en\/wp-json\/wp\/v2\/comments?post=115"}],"version-history":[{"count":9,"href":"https:\/\/galenica.ma\/en\/wp-json\/wp\/v2\/pages\/115\/revisions"}],"predecessor-version":[{"id":4062,"href":"https:\/\/galenica.ma\/en\/wp-json\/wp\/v2\/pages\/115\/revisions\/4062"}],"wp:featuredmedia":[{"embeddable":true,"href":"https:\/\/galenica.ma\/en\/wp-json\/wp\/v2\/media\/2601"}],"wp:attachment":[{"href":"https:\/\/galenica.ma\/en\/wp-json\/wp\/v2\/media?parent=115"}],"curies":[{"name":"wp","href":"https:\/\/api.w.org\/{rel}","templated":true}]}}