{"id":128,"date":"2022-04-25T14:53:53","date_gmt":"2022-04-25T14:53:53","guid":{"rendered":"https:\/\/demo.cmssuperheroes.com\/themeforest\/chemlabs\/?page_id=128"},"modified":"2023-06-25T21:23:41","modified_gmt":"2023-06-25T21:23:41","slug":"contacts","status":"publish","type":"page","link":"https:\/\/galenica.ma\/en\/contacts\/","title":{"rendered":"Contacts"},"content":{"rendered":"<div data-elementor-type=\"wp-page\" data-elementor-id=\"128\" class=\"elementor elementor-128\">\n\t\t\t\t\t\t\t        <div class=\"elementor-section elementor-top-section elementor-element elementor-element-f2e291d elementor-section-full_width elementor-section-height-default elementor-section-height-default cms-remove-row-no cms-section-no-padding-no cms-full-content-with-space-none cms-boxed-bg-false cms-section-boxed-divider-false cms-overlay-gradient-bg-yes cms-overlay-gradient-mode-tb\" data-id=\"f2e291d\" data-element_type=\"section\" data-settings=\"{&quot;shape_divider_bottom&quot;:&quot;curve&quot;}\">\n\t\t        <div class=\"elementor-shape elementor-shape-bottom\" data-negative=\"false\">\n\t\t\t<svg xmlns=\"http:\/\/www.w3.org\/2000\/svg\" viewbox=\"0 0 1000 100\" preserveaspectratio=\"none\">\n    <path class=\"elementor-shape-fill\" d=\"M1000,4.3V0H0v4.3C0.9,23.1,126.7,99.2,500,100S1000,22.7,1000,4.3z\"\/>\n<\/svg>        <\/div>\n\t\t\n\t\t<div class=\"cms-overlay-gradient\"><\/div><div class=\"cms-section-boxed-bg\"><\/div><div class=\"cms-section-boxed-divider\"><\/div><div class=\"cms-elementor-section-remove\"><\/div><div class=\"cms-elementor-section-corner cms-elementor-section-corner-top\"><\/div><div class=\"cms-elementor-section-corner cms-elementor-section-corner-bottom\"><\/div>        <div class=\"elementor-container elementor-column-gap-no\" >\n\t\t        <div class=\"elementor-column elementor-col-100 elementor-top-column elementor-element elementor-element-33ce858\" data-id=\"33ce858\" data-element_type=\"column\">\n        <div class=\"elementor-widget-wrap elementor-element-populated\">\n                        \t\t<div class=\"elementor-element elementor-element-1cf1904 cms-maps-layout-1 cms-accordion cms-accordion-layout-1 elementor-widget elementor-widget-cms_map\" data-id=\"1cf1904\" data-element_type=\"widget\" data-widget_type=\"cms_map.default\">\n\t\t\t\t<div class=\"elementor-widget-container\">\n\t\t\t<div class=\"cms-map-wrapper relative cms-map-height d-flex align-items-center mapstart\">\n            <iframe frameborder=\"0\" scrolling=\"no\" marginheight=\"0\" marginwidth=\"0\"\n            src=\"https:\/\/maps.google.com\/maps?q=galenica%20bouskoura&#038;t=m&#038;z=16&#038;output=embed&#038;iwloc=near\"\n            title=\"galenica bouskoura\"\n            aria-label=\"galenica bouskoura\"\n            class=\"cms-map-iframe cms-map-height absolute w-100\"\n        ><\/iframe>    \n        <div class=\"container relative z-top\">\n        <a href=\"https:\/\/maps.google.com\/maps?q=galenica%20bouskoura&#038;t=m&#038;z=16&#038;iwloc=near\" target=\"_self\" class=\"cms-overlay\"><\/a>\n        <div id=\"cms_map-1cf1904\" class=\"cms-accordion cms-shadow-1 bg-white cms-radius-10 overflow-hidden relative z-top\">\n                            <div class=\"cms-heading text-white text-20 bg-primary p-lr-40 p-tb-33 cms-radius-10\">\n                    NOS COORDONN\u00c9ES                <\/div>\n                                                <div class=\"cms-accordion-item cms-transition active\" data-target=\"#33b8370\">\n                        <div class=\"cms-ac-title text-heading row gutters-20 justify-content-between\">\n                            <span class=\"cms-ac-title-icon col-auto order-last\">\n                                                                    <i class=\"cms-ac-title--icon cms-ac-title-icon-close cmsi-plus rtl-flip Array\"><\/i>\n                                    <i class=\"cms-ac-title--icon cms-ac-title-icon-open cmsi-minus rtl-flip Array\"><\/i>\n                                                            <\/span>\n                            <a class=\"cms-ac-title-text text-primary text-17 font-700 col\">PDG<\/a>\n                        <\/div>\n                        <div id=\"33b8370\" class=\"cms-ac-content\" style=\"display:block;\">a.elguermai@galenica.ma<\/div>\n                    <\/div>\n                                    <div class=\"cms-accordion-item cms-transition\" data-target=\"#019ca92\">\n                        <div class=\"cms-ac-title text-heading row gutters-20 justify-content-between\">\n                            <span class=\"cms-ac-title-icon col-auto order-last\">\n                                                                    <i class=\"cms-ac-title--icon cms-ac-title-icon-close cmsi-plus rtl-flip Array\"><\/i>\n                                    <i class=\"cms-ac-title--icon cms-ac-title-icon-open cmsi-minus rtl-flip Array\"><\/i>\n                                                            <\/span>\n                            <a class=\"cms-ac-title-text text-primary text-17 font-700 col\">SECRETARIAT DU PRESIDENT<\/a>\n                        <\/div>\n                        <div id=\"019ca92\" class=\"cms-ac-content\">r.sefrioui@galenica.ma<br \/>\n<\/div>\n                    <\/div>\n                                    <div class=\"cms-accordion-item cms-transition\" data-target=\"#98b209e\">\n                        <div class=\"cms-ac-title text-heading row gutters-20 justify-content-between\">\n                            <span class=\"cms-ac-title-icon col-auto order-last\">\n                                                                    <i class=\"cms-ac-title--icon cms-ac-title-icon-close cmsi-plus rtl-flip Array\"><\/i>\n                                    <i class=\"cms-ac-title--icon cms-ac-title-icon-open cmsi-minus rtl-flip Array\"><\/i>\n                                                            <\/span>\n                            <a class=\"cms-ac-title-text text-primary text-17 font-700 col\">DG<\/a>\n                        <\/div>\n                        <div id=\"98b209e\" class=\"cms-ac-content\">s.elguermai@galenica.ma<br \/>\n<\/div>\n                    <\/div>\n                                    <div class=\"cms-accordion-item cms-transition\" data-target=\"#18f9aff\">\n                        <div class=\"cms-ac-title text-heading row gutters-20 justify-content-between\">\n                            <span class=\"cms-ac-title-icon col-auto order-last\">\n                                                                    <i class=\"cms-ac-title--icon cms-ac-title-icon-close cmsi-plus rtl-flip Array\"><\/i>\n                                    <i class=\"cms-ac-title--icon cms-ac-title-icon-open cmsi-minus rtl-flip Array\"><\/i>\n                                                            <\/span>\n                            <a class=\"cms-ac-title-text text-primary text-17 font-700 col\">PHARMACIEN RESPONSABLE <\/a>\n                        <\/div>\n                        <div id=\"18f9aff\" class=\"cms-ac-content\">m.maftouh@galenica.ma<\/div>\n                    <\/div>\n                                    <div class=\"cms-accordion-item cms-transition\" data-target=\"#aa00a70\">\n                        <div class=\"cms-ac-title text-heading row gutters-20 justify-content-between\">\n                            <span class=\"cms-ac-title-icon col-auto order-last\">\n                                                                    <i class=\"cms-ac-title--icon cms-ac-title-icon-close cmsi-plus rtl-flip Array\"><\/i>\n                                    <i class=\"cms-ac-title--icon cms-ac-title-icon-open cmsi-minus rtl-flip Array\"><\/i>\n                                                            <\/span>\n                            <a class=\"cms-ac-title-text text-primary text-17 font-700 col\">DIRECTEUR COMMERCIAL <\/a>\n                        <\/div>\n                        <div id=\"aa00a70\" class=\"cms-ac-content\"> dir.commercial@galenica.ma<\/div>\n                    <\/div>\n                        <\/div>\n    <\/div>\n<\/div>\t\t<\/div>\n\t\t\t\t<\/div>\n\t\t        <\/div>\n        <\/div>\n        \t\t        <\/div>\n        <\/div>\n\t\t        <div class=\"elementor-section elementor-top-section elementor-element elementor-element-49614b4 p-tb-20 pt-lg-70 pb-lg-110 elementor-section-boxed elementor-section-height-default elementor-section-height-default cms-remove-row-no cms-section-no-padding-no cms-boxed-bg-false cms-section-boxed-divider-false cms-overlay-gradient-bg-yes cms-overlay-gradient-mode-tb\" data-id=\"49614b4\" data-element_type=\"section\">\n\t\t\n\t\t<div class=\"cms-overlay-gradient\"><\/div><div class=\"cms-section-boxed-bg\"><\/div><div class=\"cms-section-boxed-divider\"><\/div><div class=\"cms-elementor-section-remove\"><\/div><div class=\"cms-elementor-section-corner cms-elementor-section-corner-top\"><\/div><div class=\"cms-elementor-section-corner cms-elementor-section-corner-bottom\"><\/div>        <div class=\"elementor-container elementor-column-gap-default\" >\n\t\t        <div class=\"elementor-column elementor-col-100 elementor-top-column elementor-element elementor-element-3570711\" data-id=\"3570711\" data-element_type=\"column\">\n        <div class=\"elementor-widget-wrap elementor-element-populated\">\n                        \t\t<div class=\"elementor-element elementor-element-ddd6574 cms-cf7-layout-2 cms-form-textarea-height-Array cms-form-field-height-Array elementor-widget elementor-widget-cms_ctf7\" data-id=\"ddd6574\" data-element_type=\"widget\" data-widget_type=\"cms_ctf7.default\">\n\t\t\t\t<div class=\"elementor-widget-container\">\n\t\t\t<div class=\"d-flex justify-content-start text-start\">\n                <div class=\"cms-posts-heading w-100 pb-45\">\n                        <div class=\"cms-smallheading mt-n5 text-16 font-700 pb-10  text-accent empty-none\">Nous contacter\n\n<\/div>\n    <div class=\"extra-space clearfix\"> <\/div>\n    <h2 class=\"cms-mainheading cms-heading mt-n5 text-24 text-md-37 text-lg-40 lh-1\/454  text-heading empty-none\">Cette rubrique vous permet de rentrer en contact avec nos diff\u00e9rents services.\n\n<\/h2>\n    <div class=\"extra-space clearfix\"> <\/div>\n                <\/div><\/div>\n            <div class=\"cms-cf7 relative cms-shadow-\">\n    <div class=\"cms-cf7-inner row gutters-grid\">\n        <div class=\"cms-banner col-lg-4\">\n            <div class=\"cms-cf7-banner-inner pr-xl-70\">\n                            <\/div>\n        <\/div>\n        <div class=\"col-lg-8\">\n<div class=\"wpcf7 no-js\" id=\"wpcf7-f3295-o1\" lang=\"en-US\" dir=\"ltr\">\n<div class=\"screen-reader-response\"><p role=\"status\" aria-live=\"polite\" aria-atomic=\"true\"><\/p> <ul><\/ul><\/div>\n<form action=\"\/en\/wp-json\/wp\/v2\/pages\/128#wpcf7-f3295-o1\" method=\"post\" class=\"wpcf7-form init\" aria-label=\"Contact form\" novalidate=\"novalidate\" data-status=\"init\" data-no-translation-aria-label=\"\" data-trp-original-action=\"\/en\/wp-json\/wp\/v2\/pages\/128#wpcf7-f3295-o1\">\n<div style=\"display: none;\">\n<input type=\"hidden\" name=\"_wpcf7\" value=\"3295\" \/>\n<input type=\"hidden\" name=\"_wpcf7_version\" value=\"5.7.4\" \/>\n<input type=\"hidden\" name=\"_wpcf7_locale\" value=\"en_US\" \/>\n<input type=\"hidden\" name=\"_wpcf7_unit_tag\" value=\"wpcf7-f3295-o1\" \/>\n<input type=\"hidden\" name=\"_wpcf7_container_post\" value=\"0\" \/>\n<input type=\"hidden\" name=\"_wpcf7_posted_data_hash\" value=\"\" \/>\n<\/div>\n<h3>Nous contacter\n<\/h3>\n<div class=\"cf7resp\">\n\t<table>\n\t\t<tr>\n\t\t\t<td>\n\t\t\t\t<p><label> Nom* <span class=\"wpcf7-form-control-wrap\" data-name=\"your-name\"><input size=\"40\" class=\"wpcf7-form-control wpcf7-text wpcf7-validates-as-required\" aria-required=\"true\" aria-invalid=\"false\" value=\"\" type=\"text\" name=\"your-name\" \/><\/span> <\/label>\n\t\t\t\t<\/p>\n\t\t\t<\/td>\n\t\t\t<td>\n\t\t\t\t<p><label> Pr\u00e9nom* <span class=\"wpcf7-form-control-wrap\" data-name=\"your-name\"><input size=\"40\" class=\"wpcf7-form-control wpcf7-text wpcf7-validates-as-required\" aria-required=\"true\" aria-invalid=\"false\" value=\"\" type=\"text\" name=\"your-name\" \/><\/span> <\/label>\n\t\t\t\t<\/p>\n\t\t\t<\/td>\n\t\t<\/tr>\n\t\t<tr>\n\t\t\t<td colspan=\"2\">\n\t\t\t\t<p><label> Num\u00e9ro de t\u00e9l\u00e9phone* <span class=\"wpcf7-form-control-wrap\" data-name=\"your-tel\"><input size=\"40\" class=\"wpcf7-form-control wpcf7-text wpcf7-tel wpcf7-validates-as-tel\" aria-invalid=\"false\" value=\"\" type=\"tel\" name=\"your-tel\" \/><\/span> <\/label>\n\t\t\t\t<\/p>\n\t\t\t<\/td>\n\t\t<\/tr>\n\t\t<tr>\n\t\t\t<td colspan=\"2\">\n\t\t\t\t<p><label> E-mail* <span class=\"wpcf7-form-control-wrap\" data-name=\"your-email\"><input size=\"40\" class=\"wpcf7-form-control wpcf7-text wpcf7-email wpcf7-validates-as-required wpcf7-validates-as-email\" aria-required=\"true\" aria-invalid=\"false\" value=\"\" type=\"email\" name=\"your-email\" \/><\/span> <\/label>\n\t\t\t\t<\/p>\n\t\t\t<\/td>\n\t\t<\/tr>\n\t\t<tr>\n\t\t\t<td colspan=\"2\">\n\t\t\t\t<p><label> D\u00e9crivez votre demande<\/label><span class=\"wpcf7-form-control-wrap\" data-name=\"your-message\"><textarea cols=\"60\" rows=\"3\" class=\"wpcf7-form-control wpcf7-textarea wpcf7-validates-as-required\" aria-required=\"true\" aria-invalid=\"false\" placeholder=\"Votre message\" name=\"your-message\"><\/textarea><\/span>\n\t\t\t\t<\/p>\n\t\t\t<\/td>\n\t\t<\/tr>\n\t\t<tr>\n\t\t<\/tr>\n\t\t<tr>\n\t\t\t<td colspan=\"2\">\n\t\t\t\t<p><div class=\"cms-submit\"><button class=\"wpcf7-form-control wpcf7-submit\" type=\"submit\"><span class=\"cms-btn-content justify-content-center\"><span class=\"cms-btn-text\">SOUMETTRE<\/span><\/span><\/button><\/div>\n\t\t\t\t<\/p>\n\t\t\t<\/td>\n\t\t<\/tr>\n\t<\/table>\n<\/div><div class=\"wpcf7-response-output\" aria-hidden=\"true\"><\/div><input type=\"hidden\" value=\"no\" id=\"cf7-calculator-enable\" ><input type=\"hidden\" value=\"2\" id=\"cf7-calculator-decimals\" ><input type=\"hidden\" value=\".\" id=\"cf7-calculator-separator\" ><input type=\"hidden\" value=\",\" id=\"cf7-calculator-thousand\" ><input type=\"hidden\" value=\"no\" id=\"cf7-calculator-right\" ><input type=\"hidden\" value=\"\" id=\"cf7-calculator-currency\" ><input type=\"hidden\" value=\"left\" id=\"cf7-calculator-currency_position\" >\r\n            <style type=\"text\/css\" >\r\n                .cf7-hide {\r\n                    display: none !important;\r\n                }\r\n                .cf7-calculated-name {\r\n                    width: 100%;\r\n                    display: inline-block;\r\n                }\r\n            <\/style>\n<input type=\"hidden\" name=\"trp-form-language\" value=\"en\"\/><\/form>\n<\/div>\n<\/div>\n            <\/div>\n<\/div>\t\t<\/div>\n\t\t\t\t<\/div>\n\t\t        <\/div>\n        <\/div>\n        \t\t        <\/div>\n        <\/div>\n\t\t\t\t\t\t\t<\/div>","protected":false},"excerpt":{"rendered":"<p>NOS COORDONN\u00c9ES PDG a.elguermai@galenica.ma SECRETARIAT DU PRESIDENT r.sefrioui@galenica.ma DG s.elguermai@galenica.ma PHARMACIEN RESPONSABLE m.maftouh@galenica.ma DIRECTEUR COMMERCIAL dir.commercial@galenica.ma Nous contacter Cette rubrique vous permet de rentrer en contact avec nos diff\u00e9rents services. Nous contacter Nom* Pr\u00e9nom* Num\u00e9ro de t\u00e9l\u00e9phone* E-mail* D\u00e9crivez votre demande SOUMETTRE<\/p>","protected":false},"author":1,"featured_media":0,"parent":0,"menu_order":18,"comment_status":"closed","ping_status":"closed","template":"","meta":[],"_links":{"self":[{"href":"https:\/\/galenica.ma\/en\/wp-json\/wp\/v2\/pages\/128"}],"collection":[{"href":"https:\/\/galenica.ma\/en\/wp-json\/wp\/v2\/pages"}],"about":[{"href":"https:\/\/galenica.ma\/en\/wp-json\/wp\/v2\/types\/page"}],"author":[{"embeddable":true,"href":"https:\/\/galenica.ma\/en\/wp-json\/wp\/v2\/users\/1"}],"replies":[{"embeddable":true,"href":"https:\/\/galenica.ma\/en\/wp-json\/wp\/v2\/comments?post=128"}],"version-history":[{"count":76,"href":"https:\/\/galenica.ma\/en\/wp-json\/wp\/v2\/pages\/128\/revisions"}],"predecessor-version":[{"id":7545,"href":"https:\/\/galenica.ma\/en\/wp-json\/wp\/v2\/pages\/128\/revisions\/7545"}],"wp:attachment":[{"href":"https:\/\/galenica.ma\/en\/wp-json\/wp\/v2\/media?parent=128"}],"curies":[{"name":"wp","href":"https:\/\/api.w.org\/{rel}","templated":true}]}}