{"id":4667,"date":"2023-04-06T04:54:38","date_gmt":"2023-04-06T04:54:38","guid":{"rendered":"http:\/\/vivvo.ma\/?post_type=product&#038;p=4667"},"modified":"2023-04-14T22:59:46","modified_gmt":"2023-04-14T22:59:46","slug":"doucia-plus","status":"publish","type":"product","link":"https:\/\/galenica.ma\/en\/product\/doucia-plus\/","title":{"rendered":"DOUCIA PLUS\u00ae"},"content":{"rendered":"","protected":false},"excerpt":{"rendered":"<p>&#8211; Eryth\u00e8me fessier, \u00e9ryth\u00e8me solaire.<br \/>\n&#8211; Br\u00fblures, ulc\u00e9rations cutan\u00e9es.<br \/>\n&#8211; H\u00e9morro\u00efdes, fissures anales.<br \/>\n&#8211; Ger\u00e7ures des seins.<\/p>","protected":false},"featured_media":4668,"comment_status":"closed","ping_status":"closed","template":"","meta":[],"product_cat":[103,104,99],"product_tag":[98,100,96],"_links":{"self":[{"href":"https:\/\/galenica.ma\/en\/wp-json\/wp\/v2\/product\/4667"}],"collection":[{"href":"https:\/\/galenica.ma\/en\/wp-json\/wp\/v2\/product"}],"about":[{"href":"https:\/\/galenica.ma\/en\/wp-json\/wp\/v2\/types\/product"}],"replies":[{"embeddable":true,"href":"https:\/\/galenica.ma\/en\/wp-json\/wp\/v2\/comments?post=4667"}],"wp:featuredmedia":[{"embeddable":true,"href":"https:\/\/galenica.ma\/en\/wp-json\/wp\/v2\/media\/4668"}],"wp:attachment":[{"href":"https:\/\/galenica.ma\/en\/wp-json\/wp\/v2\/media?parent=4667"}],"wp:term":[{"taxonomy":"product_cat","embeddable":true,"href":"https:\/\/galenica.ma\/en\/wp-json\/wp\/v2\/product_cat?post=4667"},{"taxonomy":"product_tag","embeddable":true,"href":"https:\/\/galenica.ma\/en\/wp-json\/wp\/v2\/product_tag?post=4667"}],"curies":[{"name":"wp","href":"https:\/\/api.w.org\/{rel}","templated":true}]}}