{"id":6930,"date":"2023-07-08T15:40:19","date_gmt":"2023-07-08T15:40:19","guid":{"rendered":"https:\/\/galenica.ma\/?post_type=product&#038;p=6930"},"modified":"2023-07-13T22:44:14","modified_gmt":"2023-07-13T22:44:14","slug":"colopathil","status":"publish","type":"product","link":"https:\/\/galenica.ma\/en\/product\/colopathil\/","title":{"rendered":"COLOPATHIL\u00ae"},"content":{"rendered":"","protected":false},"excerpt":{"rendered":"<ul>\n<li>Colopathie fonctionnelle &#8211;<\/li>\n<li>Pansement intestinal notamment en cas de c\u00f4lon irritable<\/li>\n<li>\u00a0Traitement symptomatique des colopathies aigu\u00ebs et chroniques eventuellement accompagn\u00e9es de diarrh\u00e9es de m\u00e9t\u00e9orisme<\/li>\n<li>Diarrh\u00e9es aigu\u00ebs et chroniques<\/li>\n<\/ul>","protected":false},"featured_media":6931,"comment_status":"closed","ping_status":"closed","template":"","meta":[],"product_cat":[140],"product_tag":[98,133,100,96],"_links":{"self":[{"href":"https:\/\/galenica.ma\/en\/wp-json\/wp\/v2\/product\/6930"}],"collection":[{"href":"https:\/\/galenica.ma\/en\/wp-json\/wp\/v2\/product"}],"about":[{"href":"https:\/\/galenica.ma\/en\/wp-json\/wp\/v2\/types\/product"}],"replies":[{"embeddable":true,"href":"https:\/\/galenica.ma\/en\/wp-json\/wp\/v2\/comments?post=6930"}],"wp:featuredmedia":[{"embeddable":true,"href":"https:\/\/galenica.ma\/en\/wp-json\/wp\/v2\/media\/6931"}],"wp:attachment":[{"href":"https:\/\/galenica.ma\/en\/wp-json\/wp\/v2\/media?parent=6930"}],"wp:term":[{"taxonomy":"product_cat","embeddable":true,"href":"https:\/\/galenica.ma\/en\/wp-json\/wp\/v2\/product_cat?post=6930"},{"taxonomy":"product_tag","embeddable":true,"href":"https:\/\/galenica.ma\/en\/wp-json\/wp\/v2\/product_tag?post=6930"}],"curies":[{"name":"wp","href":"https:\/\/api.w.org\/{rel}","templated":true}]}}