{"id":6932,"date":"2023-07-08T15:47:35","date_gmt":"2023-07-08T15:47:35","guid":{"rendered":"https:\/\/galenica.ma\/?post_type=product&#038;p=6932"},"modified":"2023-07-13T22:44:03","modified_gmt":"2023-07-13T22:44:03","slug":"gastrogel","status":"publish","type":"product","link":"https:\/\/galenica.ma\/en\/product\/gastrogel\/","title":{"rendered":"GASTROGEL\u00ae"},"content":{"rendered":"","protected":false},"excerpt":{"rendered":"<ul>\n<li>Traitement symptomatique de l\u02bchyperacidit\u00e9 et des br\u00fblures gastriques \u00e9ventuellement accompagn\u00e9es de douleurs, de ballonnements ou de re\ufb02ux gastr\u0153sophagien.<\/li>\n<\/ul>","protected":false},"featured_media":6933,"comment_status":"closed","ping_status":"closed","template":"","meta":[],"product_cat":[141],"product_tag":[98,133,100,96],"_links":{"self":[{"href":"https:\/\/galenica.ma\/en\/wp-json\/wp\/v2\/product\/6932"}],"collection":[{"href":"https:\/\/galenica.ma\/en\/wp-json\/wp\/v2\/product"}],"about":[{"href":"https:\/\/galenica.ma\/en\/wp-json\/wp\/v2\/types\/product"}],"replies":[{"embeddable":true,"href":"https:\/\/galenica.ma\/en\/wp-json\/wp\/v2\/comments?post=6932"}],"wp:featuredmedia":[{"embeddable":true,"href":"https:\/\/galenica.ma\/en\/wp-json\/wp\/v2\/media\/6933"}],"wp:attachment":[{"href":"https:\/\/galenica.ma\/en\/wp-json\/wp\/v2\/media?parent=6932"}],"wp:term":[{"taxonomy":"product_cat","embeddable":true,"href":"https:\/\/galenica.ma\/en\/wp-json\/wp\/v2\/product_cat?post=6932"},{"taxonomy":"product_tag","embeddable":true,"href":"https:\/\/galenica.ma\/en\/wp-json\/wp\/v2\/product_tag?post=6932"}],"curies":[{"name":"wp","href":"https:\/\/api.w.org\/{rel}","templated":true}]}}