{"id":6973,"date":"2023-07-09T10:52:50","date_gmt":"2023-07-09T10:52:50","guid":{"rendered":"https:\/\/galenica.ma\/?post_type=product&#038;p=6973"},"modified":"2023-08-01T16:17:53","modified_gmt":"2023-08-01T16:17:53","slug":"trisulfa","status":"publish","type":"product","link":"https:\/\/galenica.ma\/en\/product\/trisulfa\/","title":{"rendered":"TRISULFA\u00ae"},"content":{"rendered":"","protected":false},"excerpt":{"rendered":"<ul>\n<li class=\"p1\">\n<p class=\"p1\">\u00a0Infections uro-g\u00e9nitales<\/p>\n<\/li>\n<li class=\"p1\">\n<p class=\"p1\">Infections ORL (sinusites chroniques)<\/p>\n<\/li>\n<li class=\"p1\">\n<p class=\"p1\">Infections digestives, fi\u00e8vre typho\u00efde &#8211; Infections \u00e0 pneumocystis carinii<\/p>\n<\/li>\n<\/ul>","protected":false},"featured_media":6974,"comment_status":"closed","ping_status":"closed","template":"","meta":[],"product_cat":[155],"product_tag":[98,133,100,96],"_links":{"self":[{"href":"https:\/\/galenica.ma\/en\/wp-json\/wp\/v2\/product\/6973"}],"collection":[{"href":"https:\/\/galenica.ma\/en\/wp-json\/wp\/v2\/product"}],"about":[{"href":"https:\/\/galenica.ma\/en\/wp-json\/wp\/v2\/types\/product"}],"replies":[{"embeddable":true,"href":"https:\/\/galenica.ma\/en\/wp-json\/wp\/v2\/comments?post=6973"}],"wp:featuredmedia":[{"embeddable":true,"href":"https:\/\/galenica.ma\/en\/wp-json\/wp\/v2\/media\/6974"}],"wp:attachment":[{"href":"https:\/\/galenica.ma\/en\/wp-json\/wp\/v2\/media?parent=6973"}],"wp:term":[{"taxonomy":"product_cat","embeddable":true,"href":"https:\/\/galenica.ma\/en\/wp-json\/wp\/v2\/product_cat?post=6973"},{"taxonomy":"product_tag","embeddable":true,"href":"https:\/\/galenica.ma\/en\/wp-json\/wp\/v2\/product_tag?post=6973"}],"curies":[{"name":"wp","href":"https:\/\/api.w.org\/{rel}","templated":true}]}}