{"id":6975,"date":"2023-07-09T11:01:38","date_gmt":"2023-07-09T11:01:38","guid":{"rendered":"https:\/\/galenica.ma\/?post_type=product&#038;p=6975"},"modified":"2023-07-30T20:38:00","modified_gmt":"2023-07-30T20:38:00","slug":"dolamine","status":"publish","type":"product","link":"https:\/\/galenica.ma\/en\/product\/dolamine\/","title":{"rendered":"DOLAMINE\u00ae"},"content":{"rendered":"","protected":false},"excerpt":{"rendered":"<ul>\n<li class=\"p1\">\n<p class=\"p1\">Douleurs, Fi\u00e8vre, C\u00e9phal\u00e9es, Refroidissements, \u00c9tats grippaux.<\/p>\n<\/li>\n<\/ul>","protected":false},"featured_media":6976,"comment_status":"closed","ping_status":"closed","template":"","meta":[],"product_cat":[156],"product_tag":[98,133,100,96],"_links":{"self":[{"href":"https:\/\/galenica.ma\/en\/wp-json\/wp\/v2\/product\/6975"}],"collection":[{"href":"https:\/\/galenica.ma\/en\/wp-json\/wp\/v2\/product"}],"about":[{"href":"https:\/\/galenica.ma\/en\/wp-json\/wp\/v2\/types\/product"}],"replies":[{"embeddable":true,"href":"https:\/\/galenica.ma\/en\/wp-json\/wp\/v2\/comments?post=6975"}],"wp:featuredmedia":[{"embeddable":true,"href":"https:\/\/galenica.ma\/en\/wp-json\/wp\/v2\/media\/6976"}],"wp:attachment":[{"href":"https:\/\/galenica.ma\/en\/wp-json\/wp\/v2\/media?parent=6975"}],"wp:term":[{"taxonomy":"product_cat","embeddable":true,"href":"https:\/\/galenica.ma\/en\/wp-json\/wp\/v2\/product_cat?post=6975"},{"taxonomy":"product_tag","embeddable":true,"href":"https:\/\/galenica.ma\/en\/wp-json\/wp\/v2\/product_tag?post=6975"}],"curies":[{"name":"wp","href":"https:\/\/api.w.org\/{rel}","templated":true}]}}