{"id":7230,"date":"2023-07-13T23:23:52","date_gmt":"2023-07-13T23:23:52","guid":{"rendered":"https:\/\/galenica.ma\/?post_type=product&#038;p=7230"},"modified":"2023-07-30T20:23:38","modified_gmt":"2023-07-30T20:23:38","slug":"codamol","status":"publish","type":"product","link":"https:\/\/galenica.ma\/en\/product\/codamol\/","title":{"rendered":"CODAMOL \u00ae"},"content":{"rendered":"","protected":false},"excerpt":{"rendered":"<ul>\n<li class=\"p1\">\n<p class=\"p1\">Douleurs aigu\u00ebs et md\u00e9r\u00e9es, c\u00e9phal\u00e9es, migraines, douleurs dentaires, entorse..<\/p>\n<\/li>\n<\/ul>","protected":false},"featured_media":7231,"comment_status":"closed","ping_status":"closed","template":"","meta":[],"product_cat":[169],"product_tag":[98,133,100,96],"_links":{"self":[{"href":"https:\/\/galenica.ma\/en\/wp-json\/wp\/v2\/product\/7230"}],"collection":[{"href":"https:\/\/galenica.ma\/en\/wp-json\/wp\/v2\/product"}],"about":[{"href":"https:\/\/galenica.ma\/en\/wp-json\/wp\/v2\/types\/product"}],"replies":[{"embeddable":true,"href":"https:\/\/galenica.ma\/en\/wp-json\/wp\/v2\/comments?post=7230"}],"wp:featuredmedia":[{"embeddable":true,"href":"https:\/\/galenica.ma\/en\/wp-json\/wp\/v2\/media\/7231"}],"wp:attachment":[{"href":"https:\/\/galenica.ma\/en\/wp-json\/wp\/v2\/media?parent=7230"}],"wp:term":[{"taxonomy":"product_cat","embeddable":true,"href":"https:\/\/galenica.ma\/en\/wp-json\/wp\/v2\/product_cat?post=7230"},{"taxonomy":"product_tag","embeddable":true,"href":"https:\/\/galenica.ma\/en\/wp-json\/wp\/v2\/product_tag?post=7230"}],"curies":[{"name":"wp","href":"https:\/\/api.w.org\/{rel}","templated":true}]}}