{"id":7234,"date":"2023-07-13T23:39:42","date_gmt":"2023-07-13T23:39:42","guid":{"rendered":"https:\/\/galenica.ma\/?post_type=product&#038;p=7234"},"modified":"2023-07-24T01:45:14","modified_gmt":"2023-07-24T01:45:14","slug":"lyspopuric","status":"publish","type":"product","link":"https:\/\/galenica.ma\/en\/product\/lyspopuric\/","title":{"rendered":"LYSPOPURIC \u00ae"},"content":{"rendered":"","protected":false},"excerpt":{"rendered":"<ul>\n<li>\u00a0&#8211; Traitement de la goutte : goutte tophac\u00e9e, arthropathie Traitement des hyperuric\u00e9mies et hyperuratunes. &#8211; Traitement et pr\u00e9vention de la lithiase urique.<\/li>\n<\/ul>","protected":false},"featured_media":7239,"comment_status":"closed","ping_status":"closed","template":"","meta":[],"product_cat":[171],"product_tag":[98,133,100,96],"_links":{"self":[{"href":"https:\/\/galenica.ma\/en\/wp-json\/wp\/v2\/product\/7234"}],"collection":[{"href":"https:\/\/galenica.ma\/en\/wp-json\/wp\/v2\/product"}],"about":[{"href":"https:\/\/galenica.ma\/en\/wp-json\/wp\/v2\/types\/product"}],"replies":[{"embeddable":true,"href":"https:\/\/galenica.ma\/en\/wp-json\/wp\/v2\/comments?post=7234"}],"wp:featuredmedia":[{"embeddable":true,"href":"https:\/\/galenica.ma\/en\/wp-json\/wp\/v2\/media\/7239"}],"wp:attachment":[{"href":"https:\/\/galenica.ma\/en\/wp-json\/wp\/v2\/media?parent=7234"}],"wp:term":[{"taxonomy":"product_cat","embeddable":true,"href":"https:\/\/galenica.ma\/en\/wp-json\/wp\/v2\/product_cat?post=7234"},{"taxonomy":"product_tag","embeddable":true,"href":"https:\/\/galenica.ma\/en\/wp-json\/wp\/v2\/product_tag?post=7234"}],"curies":[{"name":"wp","href":"https:\/\/api.w.org\/{rel}","templated":true}]}}